{"id":13253,"date":"2016-08-30T06:58:21","date_gmt":"2016-08-30T04:58:21","guid":{"rendered":"https:\/\/xoxo.capsule.ch\/disp-the-planning-review-4\/"},"modified":"2016-08-30T06:58:21","modified_gmt":"2016-08-30T04:58:21","slug":"disp-the-planning-review-4","status":"publish","type":"page","link":"https:\/\/xoxo.capsule.ch\/it\/disp-the-planning-review-4\/","title":{"rendered":"disP \u2013 The Planning Review"},"content":{"rendered":"<h3>Una tradizione pi\u00f9 che cinquantennale<\/h3>\n<p><em>disP \u2013 The Planning Review<\/em> viene pubblicata dal 1965 dalla Rete Citt\u00e0 e Paesaggio (NSL) e dal 2010 \u00e8 diventato possibile abbonarvisi. Nel 2012 \u00e8 stata rilevata dal gruppo editoriale Taylor &amp; Francis Group, che si occupa della pubblicazione e dell\u2019abbonamento. Maggiori informazioni sono disponibili sulla pagina <a href=\"https:\/\/www.tandfonline.com\/loi\/rdsp20\" target=\"_blank\" rel=\"noopener\">web<\/a>.<\/p>\n<p><em>disP \u2013 The Planning Review<\/em> \u00e8 una rivista scientifica interdisciplinare che tratta temi legati allo sviluppo territoriale, all\u2019urbanistica, alla pianificazione paesaggistica e ambientale, all\u2019architettura del paesaggio, all\u2019economia regionale e ambientale e alla pianificazione dei trasporti. Viene pubblicata trimestralmente e, in media, due dei quattro numeri annuali sono dedicati a un nucleo tematico (edizioni speciali). Gli articoli vengono valutati e selezionati attraverso una procedura di referaggio (metodo del doppio cieco) e la redazione \u00e8 assistita da un comitato di pubblicazione con una composizione internazionale.<\/p>\n<h3>Orientamento internazionale<\/h3>\n<p>Sulla rivista, autrici e autori di tutte le nazionalit\u00e0 trovano spazio per contribuire al dibattito europeo sulla pianificazione con i propri articoli. Gli articoli vengono pubblicati in tedesco, inglese, francese o italiano. Ogni articolo, indipendentemente dalla lingua in cui \u00e8 scritto, \u00e8 preceduto da una sintesi in inglese (abstract).<\/p>\n<h3>Per la scienza e la prassi<\/h3>\n<p><em>disP \u2013 The Planning Review<\/em> si rivolge a professionisti specializzati sia in ambito di ricerca scientifica che pratico e interessati a questioni di pianificazione europee. Il partner ufficiale \u00e8 l\u2019Association of European Schools of Planning (AESOP).<\/p>\n","protected":false},"excerpt":{"rendered":"<p>Una tradizione pi\u00f9 che cinquantennale disP \u2013 The Planning Review viene pubblicata dal 1965 dalla Rete Citt\u00e0 e Paesaggio (NSL) e dal 2010 \u00e8 diventato possibile abbonarvisi. Nel 2012 \u00e8 stata rilevata dal gruppo editoriale Taylor &amp; Francis Group, che si occupa della pubblicazione e dell\u2019abbonamento. Maggiori informazioni sono disponibili sulla pagina web. disP \u2013 [&hellip;]<\/p>\n","protected":false},"author":1,"featured_media":9700,"parent":0,"menu_order":0,"comment_status":"closed","ping_status":"closed","template":"","meta":{"_acf_changed":false,"_kad_blocks_custom_css":"","_kad_blocks_head_custom_js":"","_kad_blocks_body_custom_js":"","_kad_blocks_footer_custom_js":"","footnotes":""},"departemente":[],"class_list":["post-13253","page","type-page","status-publish","has-post-thumbnail","hentry"],"acf":[],"taxonomy_info":[],"featured_image_src_large":["https:\/\/xoxo.capsule.ch\/wp-content\/uploads\/2025\/03\/disP_RDSP_238_cover_PREVIEW-724x1024.jpg",724,1024,true],"author_info":{"display_name":"_rotor@NSL","author_link":"https:\/\/xoxo.capsule.ch\/it\/author\/_rotornsl\/"},"comment_info":0,"_links":{"self":[{"href":"https:\/\/xoxo.capsule.ch\/it\/wp-json\/wp\/v2\/pages\/13253","targetHints":{"allow":["GET"]}}],"collection":[{"href":"https:\/\/xoxo.capsule.ch\/it\/wp-json\/wp\/v2\/pages"}],"about":[{"href":"https:\/\/xoxo.capsule.ch\/it\/wp-json\/wp\/v2\/types\/page"}],"author":[{"embeddable":true,"href":"https:\/\/xoxo.capsule.ch\/it\/wp-json\/wp\/v2\/users\/1"}],"replies":[{"embeddable":true,"href":"https:\/\/xoxo.capsule.ch\/it\/wp-json\/wp\/v2\/comments?post=13253"}],"version-history":[{"count":0,"href":"https:\/\/xoxo.capsule.ch\/it\/wp-json\/wp\/v2\/pages\/13253\/revisions"}],"wp:featuredmedia":[{"embeddable":true,"href":"https:\/\/xoxo.capsule.ch\/it\/wp-json\/wp\/v2\/media\/9700"}],"wp:attachment":[{"href":"https:\/\/xoxo.capsule.ch\/it\/wp-json\/wp\/v2\/media?parent=13253"}],"wp:term":[{"taxonomy":"departemente","embeddable":true,"href":"https:\/\/xoxo.capsule.ch\/it\/wp-json\/wp\/v2\/departemente?post=13253"}],"curies":[{"name":"wp","href":"https:\/\/api.w.org\/{rel}","templated":true}]}}