{"id":13409,"date":"2019-03-21T07:59:36","date_gmt":"2019-03-21T06:59:36","guid":{"rendered":"https:\/\/xoxo.capsule.ch\/nsl-archiv-3\/"},"modified":"2025-08-03T12:59:32","modified_gmt":"2025-08-03T10:59:32","slug":"nsl-archiv-3","status":"publish","type":"page","link":"https:\/\/xoxo.capsule.ch\/fr\/nsl-archiv-3\/","title":{"rendered":"Archive NSL"},"content":{"rendered":"<div>\n<p><span>Cr\u00e9\u00e9e en 2001, l\u2019archive NSL fait depuis 2007 partie de l\u2019archive de l&#8217;Institut pour l&#8217;histoire et la th\u00e9orie de l&#8217;architecture (gta) de l\u2019ETH Zurich. Elle contient des fonds sur l\u2019architecture du paysage et l\u2019am\u00e9nagement du territoire en Suisse.<\/span><\/p>\n<\/div>\n<div>\n<p><span>L\u2019institutionnalisation de l\u2019am\u00e9nagement du territoire en Suisse a \u00e9t\u00e9 tardive par rapport \u00e0 d\u2019autres pays. La planification a longtemps \u00e9t\u00e9 marqu\u00e9e par l\u2019engagement de quelques rares acteurs, parmi lesquels des concepteurs ind\u00e9pendants, mais aussi l\u2019ETH Zurich elle-m\u00eame. D\u2019importants fonds dans le domaine de la planification du territoire se trouvent dans l\u2019archive NSL, notamment l\u2019\u0153uvre posthume de Hans Marti, les fonds de l\u2019Institut de planification locale, r\u00e9gionale et f\u00e9d\u00e9rale (Institut ORL) et de l\u2019Institut pour la planification du trafic, la technique des transports, la construction de routes et de chemins de fer (IVT) de l\u2019ETH Zurich, de la Planpartner AG (Zurich) et de l\u2019\u00e9tude pour la Nouvelle ligne ferroviaire \u00e0 travers les Alpes (\u00e9tude NLFA, 1986\u20131988).<\/span><\/p>\n<\/div>\n<div>\n<p><span>La dynastie des architectes paysagistes Theodor Froebel, Otto Froebel et Robert Froebel, mais aussi Gustav Ammann, Peter Ammann, Eduard Neuenschwander et Dieter Kienast, qui couvrent ensemble une p\u00e9riode de 150 ann\u00e9es d\u2019am\u00e9nagement des jardins en Suisse, sont incontournables.<\/span><\/p>\n<\/div>\n<div>\n<p><span>Vous trouverez plus d\u2019informations sur les fonds et leur utilisation sous<span class=\"apple-converted-space\">\u00a0<\/span><a href=\"https:\/\/archiv.gta.arch.ethz.ch\/about\/about-us\" target=\"_blank\" rel=\"noopener\">Archive gta<\/a>. Des \u0153uvres posthumes sur l\u2019architecture suisse des jardins et du paysage se trouvent dans les<span class=\"apple-converted-space\">\u00a0<\/span><a href=\"https:\/\/ilf.hsr.ch\/Archiv-fuer-Schweizer-Landscha.14523.0.html\" target=\"_blank\" rel=\"noopener\">archives suisses de l&#8217;architecture paysag\u00e8re ASLA.<\/a><\/span><\/p>\n<\/div>\n","protected":false},"excerpt":{"rendered":"<p>Cr\u00e9\u00e9e en 2001, l\u2019archive NSL fait depuis 2007 partie de l\u2019archive de l&#8217;Institut pour l&#8217;histoire et la th\u00e9orie de l&#8217;architecture (gta) de l\u2019ETH Zurich. Elle contient des fonds sur l\u2019architecture du paysage et l\u2019am\u00e9nagement du territoire en Suisse. L\u2019institutionnalisation de l\u2019am\u00e9nagement du territoire en Suisse a \u00e9t\u00e9 tardive par rapport \u00e0 d\u2019autres pays. La planification [&hellip;]<\/p>\n","protected":false},"author":1,"featured_media":0,"parent":0,"menu_order":0,"comment_status":"closed","ping_status":"closed","template":"","meta":{"_acf_changed":false,"_kad_blocks_custom_css":"","_kad_blocks_head_custom_js":"","_kad_blocks_body_custom_js":"","_kad_blocks_footer_custom_js":"","footnotes":""},"departemente":[184,215,238],"class_list":["post-13409","page","type-page","status-publish","hentry","departemente-archive-nsl-gta","departemente-departement-de-genie-civil-de-lenvironnement-et-de-la-geomatique-d-baug","departemente-institut-de-lamenagement-du-territoire-et-du-paysage-irl"],"acf":[],"taxonomy_info":{"departemente":[{"value":184,"label":"Archive NSL (gta)"},{"value":215,"label":"D\u00e9partement de g\u00e9nie civil, de l'environnement et de la g\u00e9omatique (D-BAUG)"},{"value":238,"label":"Institut de l\u2019am\u00e9nagement du territoire et du paysage (IRL)"}]},"featured_image_src_large":false,"author_info":{"display_name":"_rotor@NSL","author_link":"https:\/\/xoxo.capsule.ch\/fr\/author\/_rotornsl\/"},"comment_info":0,"_links":{"self":[{"href":"https:\/\/xoxo.capsule.ch\/fr\/wp-json\/wp\/v2\/pages\/13409","targetHints":{"allow":["GET"]}}],"collection":[{"href":"https:\/\/xoxo.capsule.ch\/fr\/wp-json\/wp\/v2\/pages"}],"about":[{"href":"https:\/\/xoxo.capsule.ch\/fr\/wp-json\/wp\/v2\/types\/page"}],"author":[{"embeddable":true,"href":"https:\/\/xoxo.capsule.ch\/fr\/wp-json\/wp\/v2\/users\/1"}],"replies":[{"embeddable":true,"href":"https:\/\/xoxo.capsule.ch\/fr\/wp-json\/wp\/v2\/comments?post=13409"}],"version-history":[{"count":2,"href":"https:\/\/xoxo.capsule.ch\/fr\/wp-json\/wp\/v2\/pages\/13409\/revisions"}],"predecessor-version":[{"id":15823,"href":"https:\/\/xoxo.capsule.ch\/fr\/wp-json\/wp\/v2\/pages\/13409\/revisions\/15823"}],"wp:attachment":[{"href":"https:\/\/xoxo.capsule.ch\/fr\/wp-json\/wp\/v2\/media?parent=13409"}],"wp:term":[{"taxonomy":"departemente","embeddable":true,"href":"https:\/\/xoxo.capsule.ch\/fr\/wp-json\/wp\/v2\/departemente?post=13409"}],"curies":[{"name":"wp","href":"https:\/\/api.w.org\/{rel}","templated":true}]}}