{"id":13252,"date":"2016-08-30T06:58:21","date_gmt":"2016-08-30T04:58:21","guid":{"rendered":"https:\/\/xoxo.capsule.ch\/disp-the-planning-review-3\/"},"modified":"2016-08-30T06:58:21","modified_gmt":"2016-08-30T04:58:21","slug":"disp-the-planning-review-3","status":"publish","type":"page","link":"https:\/\/xoxo.capsule.ch\/fr\/disp-the-planning-review-3\/","title":{"rendered":"disP \u2013 The Planning Review"},"content":{"rendered":"<h3>Tradition depuis plus de 50 ans<\/h3>\n<p><em>disP \u2013 The Planning Review<\/em>\u00a0 est une publication du R\u00e9seau Ville et Paysage (NSL), cr\u00e9\u00e9e en 1965, qui para\u00eet depuis 2010 sous forme de revue par abonnement. Le Taylor &amp; Francis Group a repris en 2012 la publication et g\u00e8re la partie abonnement de la revue.\u00a0 Vous trouverez d&#8217;autres informations sur leur site <a href=\"https:\/\/www.tandfonline.com\/loi\/rdsp20\" target=\"_blank\" rel=\"noopener\">Internet<\/a>.<\/p>\n<p><em>disP \u2013 The Planning Review<\/em>\u00a0 est une revue scientifique interdisciplinaire qui aborde les th\u00e8mes suivants: am\u00e9nagement du territoire, am\u00e9nagement urbain\/urbanisme, am\u00e9nagement du paysage et de l\u2019environnement, architecture du paysage, \u00e9conomie r\u00e9gionale et de l\u2019environnement, mais aussi planification des transports. La revue est trimestrielle et consacre en moyenne deux num\u00e9ros par an \u00e0 un th\u00e8me sp\u00e9cifique (num\u00e9ro sp\u00e9cial). Les articles sont relus selon un proc\u00e9d\u00e9 anonyme d\u2019\u00e9valuation par les pairs [<em>double-blind referee process<\/em> ou proc\u00e9d\u00e9 en double aveugle] et s\u00e9lectionn\u00e9s; la r\u00e9daction est assist\u00e9e par un Editorial Advisory Board international [comit\u00e9 consultatif de r\u00e9daction].<!--more--><\/p>\n<h3>Orientation internationale<b> <\/b><\/h3>\n<p>La revue publie des articles d\u2019auteur(e)s du monde entier qui apportent une contribution au forum europ\u00e9en de planification. Les articles sont publi\u00e9s en allemand, anglais, fran\u00e7ais et italien. Ind\u00e9pendamment de la langue d\u2019origine, chaque article est pr\u00e9c\u00e9d\u00e9 d\u2019un r\u00e9sum\u00e9 en anglais (Abstract).<\/p>\n<h3>Pour la recherche scientifique et la pratique<\/h3>\n<p><em>disP \u2013 The Planning Review<\/em>\u00a0 s\u2019adresse \u00e0 un public sp\u00e9cialis\u00e9 de la recherche et de la pratique, int\u00e9ress\u00e9 par les questions de planification europ\u00e9enne. L\u2019Association of European Schools of Planning (AESOP) est partenaire officielle de la revue.<\/p>\n<p>&nbsp;<\/p>\n","protected":false},"excerpt":{"rendered":"<p>Tradition depuis plus de 50 ans disP \u2013 The Planning Review\u00a0 est une publication du R\u00e9seau Ville et Paysage (NSL), cr\u00e9\u00e9e en 1965, qui para\u00eet depuis 2010 sous forme de revue par abonnement. Le Taylor &amp; Francis Group a repris en 2012 la publication et g\u00e8re la partie abonnement de la revue.\u00a0 Vous trouverez d&#8217;autres [&hellip;]<\/p>\n","protected":false},"author":1,"featured_media":9700,"parent":0,"menu_order":0,"comment_status":"closed","ping_status":"closed","template":"","meta":{"_acf_changed":false,"_kad_blocks_custom_css":"","_kad_blocks_head_custom_js":"","_kad_blocks_body_custom_js":"","_kad_blocks_footer_custom_js":"","footnotes":""},"departemente":[],"class_list":["post-13252","page","type-page","status-publish","has-post-thumbnail","hentry"],"acf":[],"taxonomy_info":[],"featured_image_src_large":["https:\/\/xoxo.capsule.ch\/wp-content\/uploads\/2025\/03\/disP_RDSP_238_cover_PREVIEW-724x1024.jpg",724,1024,true],"author_info":{"display_name":"_rotor@NSL","author_link":"https:\/\/xoxo.capsule.ch\/fr\/author\/_rotornsl\/"},"comment_info":0,"_links":{"self":[{"href":"https:\/\/xoxo.capsule.ch\/fr\/wp-json\/wp\/v2\/pages\/13252","targetHints":{"allow":["GET"]}}],"collection":[{"href":"https:\/\/xoxo.capsule.ch\/fr\/wp-json\/wp\/v2\/pages"}],"about":[{"href":"https:\/\/xoxo.capsule.ch\/fr\/wp-json\/wp\/v2\/types\/page"}],"author":[{"embeddable":true,"href":"https:\/\/xoxo.capsule.ch\/fr\/wp-json\/wp\/v2\/users\/1"}],"replies":[{"embeddable":true,"href":"https:\/\/xoxo.capsule.ch\/fr\/wp-json\/wp\/v2\/comments?post=13252"}],"version-history":[{"count":0,"href":"https:\/\/xoxo.capsule.ch\/fr\/wp-json\/wp\/v2\/pages\/13252\/revisions"}],"wp:featuredmedia":[{"embeddable":true,"href":"https:\/\/xoxo.capsule.ch\/fr\/wp-json\/wp\/v2\/media\/9700"}],"wp:attachment":[{"href":"https:\/\/xoxo.capsule.ch\/fr\/wp-json\/wp\/v2\/media?parent=13252"}],"wp:term":[{"taxonomy":"departemente","embeddable":true,"href":"https:\/\/xoxo.capsule.ch\/fr\/wp-json\/wp\/v2\/departemente?post=13252"}],"curies":[{"name":"wp","href":"https:\/\/api.w.org\/{rel}","templated":true}]}}