{"id":13236,"date":"2016-08-18T13:01:10","date_gmt":"2016-08-18T11:01:10","guid":{"rendered":"https:\/\/xoxo.capsule.ch\/nsl-kolloquien-3\/"},"modified":"2016-08-18T13:01:10","modified_gmt":"2016-08-18T11:01:10","slug":"nsl-kolloquien-3","status":"publish","type":"page","link":"https:\/\/xoxo.capsule.ch\/fr\/nsl-kolloquien-3\/","title":{"rendered":"Colloques NSL"},"content":{"rendered":"<p>Le colloque NSL consiste en une pr\u00e9sentation semestrielle d&#8217;un travail remarquable. Le th\u00e8me est \u00e0 chaque fois d\u00e9fini par la chaire qui invite.<\/p>\n","protected":false},"excerpt":{"rendered":"<p>Le colloque NSL consiste en une pr\u00e9sentation semestrielle d&#8217;un travail remarquable. Le th\u00e8me est \u00e0 chaque fois d\u00e9fini par la chaire qui invite.<\/p>\n","protected":false},"author":1,"featured_media":2199,"parent":0,"menu_order":0,"comment_status":"closed","ping_status":"closed","template":"","meta":{"_acf_changed":false,"_kad_blocks_custom_css":"","_kad_blocks_head_custom_js":"","_kad_blocks_body_custom_js":"","_kad_blocks_footer_custom_js":"","footnotes":""},"departemente":[],"class_list":["post-13236","page","type-page","status-publish","has-post-thumbnail","hentry"],"acf":[],"taxonomy_info":[],"featured_image_src_large":["https:\/\/xoxo.capsule.ch\/wp-content\/uploads\/2017\/09\/Common-Water_Vorderseite-658x1024.jpg",658,1024,true],"author_info":{"display_name":"_rotor@NSL","author_link":"https:\/\/xoxo.capsule.ch\/fr\/author\/_rotornsl\/"},"comment_info":0,"_links":{"self":[{"href":"https:\/\/xoxo.capsule.ch\/fr\/wp-json\/wp\/v2\/pages\/13236","targetHints":{"allow":["GET"]}}],"collection":[{"href":"https:\/\/xoxo.capsule.ch\/fr\/wp-json\/wp\/v2\/pages"}],"about":[{"href":"https:\/\/xoxo.capsule.ch\/fr\/wp-json\/wp\/v2\/types\/page"}],"author":[{"embeddable":true,"href":"https:\/\/xoxo.capsule.ch\/fr\/wp-json\/wp\/v2\/users\/1"}],"replies":[{"embeddable":true,"href":"https:\/\/xoxo.capsule.ch\/fr\/wp-json\/wp\/v2\/comments?post=13236"}],"version-history":[{"count":0,"href":"https:\/\/xoxo.capsule.ch\/fr\/wp-json\/wp\/v2\/pages\/13236\/revisions"}],"wp:featuredmedia":[{"embeddable":true,"href":"https:\/\/xoxo.capsule.ch\/fr\/wp-json\/wp\/v2\/media\/2199"}],"wp:attachment":[{"href":"https:\/\/xoxo.capsule.ch\/fr\/wp-json\/wp\/v2\/media?parent=13236"}],"wp:term":[{"taxonomy":"departemente","embeddable":true,"href":"https:\/\/xoxo.capsule.ch\/fr\/wp-json\/wp\/v2\/departemente?post=13236"}],"curies":[{"name":"wp","href":"https:\/\/api.w.org\/{rel}","templated":true}]}}